{"id":9,"date":"2024-01-02T16:24:17","date_gmt":"2024-01-02T16:24:17","guid":{"rendered":"https:\/\/begleiterin.org\/?page_id=9"},"modified":"2024-01-02T17:14:10","modified_gmt":"2024-01-02T17:14:10","slug":"was-macht-ein-alltagsbegleiter","status":"publish","type":"page","link":"https:\/\/begleiterin.org\/?page_id=9","title":{"rendered":"Was macht ein Alltagsbegleiter ?"},"content":{"rendered":"\n<p>Alltagsbegleiter \u00fcbernehmen die soziale Betreuung von hilfsbed\u00fcrftigen Menschen im h\u00e4uslichen Umfeld, z.B. von Menschen mit  F\u00e4higkeitsst\u00f6rungen, psychischen Erkrankungen oder eventuellen geistigen Behinderungen. Sie k\u00f6nnen au\u00dferdem f\u00fcr die Unterst\u00fctzung im h\u00e4uslichen Bereich zust\u00e4ndig werden. Alltagsbegleiter assistieren im Alltag und helfen bei Verrichtungen des t\u00e4glichen Lebens und sichern damit die Teilnahme am gesellschaftlichen Leben.  Hauswirtschaftliche T\u00e4tigkeiten k\u00f6nnen auch angeboten werden, Zubereitung von Speisen und Einnahmehilfe, Erledigung von organisatorischen T\u00e4tigkeiten f\u00fcr den Patienten. Sie k\u00f6nnen unterst\u00fctzend und aktivierend wirken, z.B. bei kreativit\u00e4ts- oder bewegungsf\u00f6rdernden Freizeit- und Gruppenaktivit\u00e4ten. Sie sind Ansprechpartner sowohl der zu betreuenden Menschen als auch der Familienangeh\u00f6rigen.<\/p>\n\n\n\n<p><\/p>\n","protected":false},"excerpt":{"rendered":"<p>Alltagsbegleiter \u00fcbernehmen die soziale Betreuung von hilfsbed\u00fcrftigen Menschen im h\u00e4uslichen Umfeld, z.B. von Menschen mit F\u00e4higkeitsst\u00f6rungen, psychischen Erkrankungen oder eventuellen geistigen Behinderungen. Sie k\u00f6nnen au\u00dferdem f\u00fcr die Unterst\u00fctzung im h\u00e4uslichen Bereich zust\u00e4ndig werden. Alltagsbegleiter assistieren im Alltag und helfen bei &hellip; <a href=\"https:\/\/begleiterin.org\/?page_id=9\">Weiterlesen <span class=\"meta-nav\">&rarr;<\/span><\/a><\/p>\n","protected":false},"author":1,"featured_media":0,"parent":0,"menu_order":0,"comment_status":"closed","ping_status":"closed","template":"","meta":{"footnotes":""},"class_list":["post-9","page","type-page","status-publish","hentry"],"_links":{"self":[{"href":"https:\/\/begleiterin.org\/index.php?rest_route=\/wp\/v2\/pages\/9","targetHints":{"allow":["GET"]}}],"collection":[{"href":"https:\/\/begleiterin.org\/index.php?rest_route=\/wp\/v2\/pages"}],"about":[{"href":"https:\/\/begleiterin.org\/index.php?rest_route=\/wp\/v2\/types\/page"}],"author":[{"embeddable":true,"href":"https:\/\/begleiterin.org\/index.php?rest_route=\/wp\/v2\/users\/1"}],"replies":[{"embeddable":true,"href":"https:\/\/begleiterin.org\/index.php?rest_route=%2Fwp%2Fv2%2Fcomments&post=9"}],"version-history":[{"count":5,"href":"https:\/\/begleiterin.org\/index.php?rest_route=\/wp\/v2\/pages\/9\/revisions"}],"predecessor-version":[{"id":29,"href":"https:\/\/begleiterin.org\/index.php?rest_route=\/wp\/v2\/pages\/9\/revisions\/29"}],"wp:attachment":[{"href":"https:\/\/begleiterin.org\/index.php?rest_route=%2Fwp%2Fv2%2Fmedia&parent=9"}],"curies":[{"name":"wp","href":"https:\/\/api.w.org\/{rel}","templated":true}]}}